{"id":656,"date":"2025-08-04T11:08:04","date_gmt":"2025-08-04T15:08:04","guid":{"rendered":"https:\/\/dimensioncomposite.dev-laboite.com\/privacy-policy\/"},"modified":"2026-03-06T09:08:06","modified_gmt":"2026-03-06T14:08:06","slug":"politique-de-confidentialite","status":"publish","type":"page","link":"https:\/\/dimensioncomposite.com\/en\/politique-de-confidentialite\/","title":{"rendered":"Politique de confidentialit\u00e9"},"content":{"rendered":"<p><span style=\"font-weight: 400;\">Cette politique s&#8217;applique au site : dimensioncomposite.com<\/span><\/p>\r\n<p><span style=\"font-weight: 400;\">Date de derni\u00e8re mise \u00e0 jour : 5 mars 2026<\/span><\/p>\r\n<p>&nbsp;<\/p>\r\n<p><span style=\"font-weight: 400;\">Le respect de votre vie priv\u00e9e est de la plus haute importance pour Dimension Composite, qui est responsable de ce site.<\/span><\/p>\r\n<p><span style=\"font-weight: 400;\">La pr\u00e9sente politique de confidentialit\u00e9 a pour but de vous exposer:<\/span><\/p>\r\n<ul>\r\n<li style=\"font-weight: 400;\" aria-level=\"1\"><span style=\"font-weight: 400;\">La mani\u00e8re dont sont collect\u00e9s et trait\u00e9s vos renseignements personnels. Doivent \u00eatre consid\u00e9r\u00e9s comme renseignements personnels tous les renseignements susceptibles de vous identifier. Il s&#8217;agit notamment de votre pr\u00e9nom et nom, de votre \u00e2ge, de votre adresse postale, de votre adresse courriel de votre localisation ou encore de votre adresse IP ;<\/span><\/li>\r\n<li style=\"font-weight: 400;\" aria-level=\"1\"><span style=\"font-weight: 400;\">Quels sont vos droits concernant ces renseignements;<\/span><\/li>\r\n<li style=\"font-weight: 400;\" aria-level=\"1\"><span style=\"font-weight: 400;\">Qui est responsable du traitement des renseignements personnels collect\u00e9s et trait\u00e9s ;<\/span><\/li>\r\n<li style=\"font-weight: 400;\" aria-level=\"1\"><span style=\"font-weight: 400;\">\u00c0 qui ces renseignements sont transmis ;<\/span><\/li>\r\n<li style=\"font-weight: 400;\" aria-level=\"1\"><span style=\"font-weight: 400;\">\u00c9ventuellement, la politique du site en mati\u00e8re de fichiers t\u00e9moins (&#8220;cookies&#8221;).<\/span><\/li>\r\n<\/ul>\r\n<h2>1. COLLECTE DE RENSEIGNEMENTS PERSONNELS<\/h2>\r\n<p><span style=\"font-weight: 400;\">Nous collectons les renseignements personnels suivants :<\/span><\/p>\r\n<ul>\r\n<li style=\"font-weight: 400;\" aria-level=\"1\"><span style=\"font-weight: 400;\">Nom<\/span><\/li>\r\n<li style=\"font-weight: 400;\" aria-level=\"1\"><span style=\"font-weight: 400;\">Pr\u00e9nom<\/span><\/li>\r\n<li style=\"font-weight: 400;\" aria-level=\"1\"><span style=\"font-weight: 400;\">Adresse \u00e9lectronique<\/span><\/li>\r\n<li style=\"font-weight: 400;\" aria-level=\"1\"><span style=\"font-weight: 400;\">Num\u00e9ro de t\u00e9l\u00e9phone<\/span><\/li>\r\n<\/ul>\r\n<p><span style=\"font-weight: 400;\">Les renseignements personnels que nous collectons sont recueillis par l&#8217;entremise des modes de collecte d\u00e9crits ci-bas, dans les sections &#8220;Formulaires et modes de collecte&#8221; et suivantes.<\/span><\/p>\r\n<h2>2. FORMULAIRES ET MODES DE COLLECTE<\/h2>\r\n<p><span style=\"font-weight: 400;\">Vos renseignements personnels sont collect\u00e9s par l&#8217;entremise des m\u00e9thodes suivantes :<\/span><\/p>\r\n<ul>\r\n<li style=\"font-weight: 400;\" aria-level=\"1\"><span style=\"font-weight: 400;\">Formulaire de contact<\/span><\/li>\r\n<\/ul>\r\n<p><span style=\"font-weight: 400;\">Nous utilisons les renseignements ainsi collect\u00e9s pour les finalit\u00e9s suivantes :<\/span><\/p>\r\n<ul>\r\n<li style=\"font-weight: 400;\" aria-level=\"1\"><span style=\"font-weight: 400;\">Contact<\/span><\/li>\r\n<\/ul>\r\n<h2>3. FICHIERS JOURNAUX ET T\u00c9MOINS<\/h2>\r\n<p><span style=\"font-weight: 400;\">Nous recueillons certaines informations par le biais de fichiers journaux (&#8220;log files&#8221;) et de fichiers t\u00e9moins (&#8220;cookies&#8221;). Ces fichiers nous permettent de traiter des statistiques et des informations sur le trafic, de faciliter la navigation et d&#8217;am\u00e9liorer le service pour votre confort.<\/span><\/p>\r\n<ol>\r\n<li aria-level=\"1\"><b>Description des fichiers t\u00e9moins utilis\u00e9s par le site<\/b><\/li>\r\n<\/ol>\r\n<p><span style=\"font-weight: 400;\">Il s&#8217;agit principalement des informations suivantes\u00a0:<\/span><\/p>\r\n<ul>\r\n<li style=\"font-weight: 400;\" aria-level=\"1\"><span style=\"font-weight: 400;\">Syst\u00e8me d&#8217;exploitation<\/span><\/li>\r\n<li style=\"font-weight: 400;\" aria-level=\"1\"><span style=\"font-weight: 400;\">Pages visit\u00e9es et requ\u00eates<\/span><\/li>\r\n<\/ul>\r\n<p><span style=\"font-weight: 400;\">Le recours \u00e0 de tels fichiers nous permet d&#8217;atteindre les objectifs suivants\u00a0:<\/span><\/p>\r\n<ul>\r\n<li style=\"font-weight: 400;\" aria-level=\"1\"><span style=\"font-weight: 400;\">Publicit\u00e9 cibl\u00e9e<\/span><\/li>\r\n<li style=\"font-weight: 400;\" aria-level=\"1\"><span style=\"font-weight: 400;\">Analyse du trafic<\/span><\/li>\r\n<\/ul>\r\n<ol>\r\n<li aria-level=\"1\"><b>Opposition \u00e0 l&#8217;utilisation de fichiers t\u00e9moins par le site<\/b><\/li>\r\n<\/ol>\r\n<p><span style=\"font-weight: 400;\">Vous pouvez vous opposer \u00e0 l&#8217;enregistrement de ces fichiers t\u00e9moins en configurant votre logiciel de navigation.<\/span><\/p>\r\n<p><span style=\"font-weight: 400;\">Dans le cas o\u00f9 vous d\u00e9cidez de d\u00e9sactiver les fichiers t\u00e9moins, vous pourrez ensuite poursuivre votre navigation sur le site. Toutefois, tout dysfonctionnement du site provoqu\u00e9 par cette manipulation ne peut \u00eatre consid\u00e9r\u00e9 comme \u00e9tant de notre fait.<\/span><\/p>\r\n<h2>4. PARTAGE DES RENSEIGNEMENTS PERSONNELS<\/h2>\r\n<p><span style=\"font-weight: 400;\">Nous nous engageons \u00e0 ne pas vendre \u00e0 des tiers ou g\u00e9n\u00e9ralement commercialiser les renseignements personnels collect\u00e9s. Cependant, il est possible que nous partagions ces informations avec des tiers pour les raisons suivantes :<\/span><\/p>\r\n<ul>\r\n<li style=\"font-weight: 400;\" aria-level=\"1\"><span style=\"font-weight: 400;\">Publicit\u00e9<\/span><\/li>\r\n<\/ul>\r\n<p><span style=\"font-weight: 400;\">Si vous ne souhaitez pas que vos renseignements personnels soient partag\u00e9s \u00e0 des tiers, vous pouvez vous y opposer au moment de la collecte ou \u00e0 tout moment par la suite, tel que mentionn\u00e9 dans la section &#8220;Droit d&#8217;opposition et de retrait&#8221;.<\/span><\/p>\r\n<h2>5. DUR\u00c9E DE CONSERVATION DES RENSEIGNEMENTS PERSONNELS<\/h2>\r\n<p><span style=\"font-weight: 400;\">Le responsable du traitement des renseignements personnels conservera dans ses syst\u00e8mes informatiques du site et dans des conditions raisonnables de s\u00e9curit\u00e9 l&#8217;ensemble des renseignements personnels collect\u00e9s pour une dur\u00e9e ind\u00e9finie.<\/span><\/p>\r\n<h2>6. H\u00c9BERGEMENT DES RENSEIGNEMENTS PERSONNELS<\/h2>\r\n<p><span style=\"font-weight: 400;\">Notre site est h\u00e9berg\u00e9 par : GoDaddy, dont le si\u00e8ge est situ\u00e9 \u00e0 l&#8217;adresse ci-apr\u00e8s :<\/span><\/p>\r\n<p><span style=\"font-weight: 400;\">2155 E GoDaddy Way, Tempe, AZ 85284<\/span><\/p>\r\n<p><span style=\"font-weight: 400;\">L&#8217;h\u00e9bergeur peut \u00eatre contact\u00e9 au num\u00e9ro de t\u00e9l\u00e9phone suivant : 1-844-494-9065<\/span><\/p>\r\n<p><span style=\"font-weight: 400;\">Les renseignements que nous collectons et traitons sont exclusivement h\u00e9berg\u00e9s et trait\u00e9s au Canada.<\/span><\/p>\r\n<h2>7. RESPONSABLE DU TRAITEMENT DES RENSEIGNEMENTS PERSONNELS<\/h2>\r\n<ul>\r\n<li aria-level=\"1\"><b>Le responsable du traitement des renseignements personnels<\/b><\/li>\r\n<\/ul>\r\n<p><span style=\"font-weight: 400;\">Le responsable du traitement des renseignements personnels est : Dimension Composite. Il peut \u00eatre contact\u00e9 de la mani\u00e8re suivante :<\/span><\/p>\r\n<p><span style=\"font-weight: 400;\">par t\u00e9l\u00e9phone au 418 228-0212<\/span><\/p>\r\n<p><span style=\"font-weight: 400;\">Le responsable du traitement des renseignements personnels est charg\u00e9 de d\u00e9terminer les finalit\u00e9s et les moyens mis au service du traitement des renseignements personnels.<\/span><\/p>\r\n<ul>\r\n<li aria-level=\"1\"><b>Obligations du responsable du traitement des renseignements personnels<\/b><\/li>\r\n<\/ul>\r\n<p><span style=\"font-weight: 400;\">Le responsable du traitement des renseignements personnels s&#8217;engage \u00e0 prot\u00e9ger les renseignements personnels collect\u00e9s, \u00e0 ne pas les transmettre \u00e0 des tiers sans que vous n&#8217;en ayez \u00e9t\u00e9 inform\u00e9(e) et \u00e0 respecter les finalit\u00e9s pour lesquelles ces renseignements ont \u00e9t\u00e9 collect\u00e9s.<\/span><\/p>\r\n<p><span style=\"font-weight: 400;\">De plus, le responsable du traitement des renseignements personnels s&#8217;engage \u00e0 vous aviser en cas de rectification ou de suppression des renseignements personnels, \u00e0 moins que cela n&#8217;entra\u00eene pour lui des formalit\u00e9s, co\u00fbts ou d\u00e9marches disproportionn\u00e9s.<\/span><\/p>\r\n<p><span style=\"font-weight: 400;\">Dans le cas o\u00f9 l&#8217;int\u00e9grit\u00e9, la confidentialit\u00e9 ou la s\u00e9curit\u00e9 de vos renseignements personnels est compromise, le responsable du traitement s&#8217;engage \u00e0 vous en informer par tout moyen.<\/span><\/p>\r\n<h2>8. DROIT D&#8217;OPPOSITION ET DE RETRAIT<\/h2>\r\n<p><span style=\"font-weight: 400;\">Vous avez le droit de vous opposer au traitement de vos renseignements personnels par le site (&#8220;droit d&#8217;opposition&#8221;). Vous avez \u00e9galement le droit de demander \u00e0 ce que vos renseignements personnels ne figurent plus, par exemple, dans une liste de diffusion (&#8220;droit de retrait&#8221;).<\/span><\/p>\r\n<p><span style=\"font-weight: 400;\">Afin de formuler une opposition au traitement de vos renseignements personnels ou demander le retrait de vos renseignements personnels, vous devez suivre la proc\u00e9dure suivante :<\/span><\/p>\r\n<p><span style=\"font-weight: 400;\">\u00c9crire un courriel \u00e0 info@dimensioncomposite.com<\/span><\/p>\r\n<h2>9. DROIT D&#8217;ACC\u00c8S, DE RECTIFICATION ET DE SUPPRESSION<\/h2>\r\n<p><span style=\"font-weight: 400;\">Vous pouvez prendre connaissance, mettre \u00e0 jour, modifier ou demander la suppression des renseignements vous concernant, en respectant la proc\u00e9dure ci-apr\u00e8s \u00e9nonc\u00e9e :<\/span><\/p>\r\n<p><span style=\"font-weight: 400;\">Envoyer un courriel \u00e0 info@dimensioncomposite.com<\/span><\/p>\r\n<h2>10. S\u00c9CURIT\u00c9<\/h2>\r\n<p><span style=\"font-weight: 400;\">Les informations personnelles que nous collectons sont conserv\u00e9es dans un environnement s\u00e9curis\u00e9. Les personnes travaillant pour nous sont tenues de respecter la confidentialit\u00e9 de vos informations.<\/span><\/p>\r\n<p><span style=\"font-weight: 400;\">Pour assurer la s\u00e9curit\u00e9 de vos informations personnelles, nous avons recours aux mesures suivantes :<\/span><\/p>\r\n<ul>\r\n<li style=\"font-weight: 400;\" aria-level=\"1\"><span style=\"font-weight: 400;\">Protocole SSL (Secure Sockets Layer)<\/span><\/li>\r\n<li style=\"font-weight: 400;\" aria-level=\"1\"><span style=\"font-weight: 400;\">Gestion des acc\u00e8s &#8211; Dimension Composite<\/span><\/li>\r\n<\/ul>\r\n<p><span style=\"font-weight: 400;\">Nous nous engageons \u00e0 maintenir un haut degr\u00e9 de confidentialit\u00e9 en int\u00e9grant les derni\u00e8res innovations technologiques permettant d&#8217;assurer la confidentialit\u00e9 de vos transactions. Toutefois, comme aucun m\u00e9canisme n&#8217;offre une s\u00e9curit\u00e9 maximale, une part de risque est toujours pr\u00e9sente lorsqu&#8217;on utilise Internet pour transmettre des informations personnelles.<\/span><\/p>\r\n<h2>11. CONDITIONS DE MODIFICATION DE LA POLITIQUE DE CONFIDENTIALIT\u00c9<\/h2>\r\n<p><span style=\"font-weight: 400;\">La pr\u00e9sente politique de confidentialit\u00e9 peut \u00eatre consult\u00e9e \u00e0 tout moment \u00e0 l&#8217;adresse ci-apr\u00e8s indiqu\u00e9e :<\/span><\/p>\r\n<p><a href=\"http:\/\/www.agencelaboite.com\/politique-de-confidentialite\" target=\"_blank\" rel=\"noopener\"><span style=\"font-weight: 400;\">www.dimensioncomposite.com\/politique-de-confidentialite<\/span><\/a><\/p>\r\n<p><span style=\"font-weight: 400;\">Nous nous r\u00e9servons le droit de la modifier afin de garantir sa conformit\u00e9 avec le droit en vigueur.<\/span><\/p>\r\n<p><span style=\"font-weight: 400;\">Par cons\u00e9quent, vous \u00eates invit\u00e9(e) \u00e0 venir consulter r\u00e9guli\u00e8rement cette politique de confidentialit\u00e9 afin de vous tenir inform\u00e9(e) des derniers changements qui lui seront apport\u00e9s.<\/span><\/p>\r\n<h2>12. ACCEPTATION DE LA POLITIQUE DE CONFIDENTIALIT\u00c9<\/h2>\r\n<p>En naviguant sur le site, vous attestez avoir lu et compris la pr\u00e9sente politique de confidentialit\u00e9 et en acceptez les conditions, en ce qui concerne plus particuli\u00e8rement la collecte et le traitement de vos renseignements personnels, ainsi que de l&#8217;utilisation de fichiers t\u00e9moins.<\/p>\r\n<h2>13. L\u00c9GISLATION<\/h2>\r\n<p>Nous nous engageons \u00e0 respecter les dispositions l\u00e9gislatives \u00e9nonc\u00e9es dans :<\/p>\r\n<p>Loi sur la protection des renseignements personnels dans le secteur priv\u00e9, RLRQ c P-39.1 ; et\/ou<\/p>\r\n<p>Loi sur la protection des renseignements personnels et les documents \u00e9lectroniques, LC 2000, c 5.<\/p>\r\n","protected":false},"excerpt":{"rendered":"<p>Cette politique s&#8217;applique au site : dimensioncomposite.com Date de derni\u00e8re mise \u00e0 jour : 5 mars 2026 &nbsp; Le respect de votre vie priv\u00e9e est de la plus haute importance pour Dimension Composite, qui est responsable de ce site. La pr\u00e9sente politique de confidentialit\u00e9 a pour but de vous exposer: La mani\u00e8re dont sont collect\u00e9s &hellip; <a href=\"https:\/\/dimensioncomposite.com\/en\/politique-de-confidentialite\/\">Continued<\/a><\/p>\n","protected":false},"author":1,"featured_media":0,"parent":0,"menu_order":0,"comment_status":"closed","ping_status":"closed","template":"","meta":{"_acf_changed":false,"footnotes":""},"class_list":["post-656","page","type-page","status-publish","hentry"],"acf":[],"_links":{"self":[{"href":"https:\/\/dimensioncomposite.com\/en\/wp-json\/wp\/v2\/pages\/656","targetHints":{"allow":["GET"]}}],"collection":[{"href":"https:\/\/dimensioncomposite.com\/en\/wp-json\/wp\/v2\/pages"}],"about":[{"href":"https:\/\/dimensioncomposite.com\/en\/wp-json\/wp\/v2\/types\/page"}],"author":[{"embeddable":true,"href":"https:\/\/dimensioncomposite.com\/en\/wp-json\/wp\/v2\/users\/1"}],"replies":[{"embeddable":true,"href":"https:\/\/dimensioncomposite.com\/en\/wp-json\/wp\/v2\/comments?post=656"}],"version-history":[{"count":2,"href":"https:\/\/dimensioncomposite.com\/en\/wp-json\/wp\/v2\/pages\/656\/revisions"}],"predecessor-version":[{"id":915,"href":"https:\/\/dimensioncomposite.com\/en\/wp-json\/wp\/v2\/pages\/656\/revisions\/915"}],"wp:attachment":[{"href":"https:\/\/dimensioncomposite.com\/en\/wp-json\/wp\/v2\/media?parent=656"}],"curies":[{"name":"wp","href":"https:\/\/api.w.org\/{rel}","templated":true}]}}